{"id":1037,"date":"2025-10-06T12:48:07","date_gmt":"2025-10-06T10:48:07","guid":{"rendered":"https:\/\/electramo.com\/contact\/"},"modified":"2026-03-16T16:20:30","modified_gmt":"2026-03-16T15:20:30","slug":"contact","status":"publish","type":"page","link":"https:\/\/electramo.com\/fr\/contact\/","title":{"rendered":"Contact"},"content":{"rendered":"\n<div class=\"wp-block-group alignfull has-primary-background-color has-background is-layout-flow wp-block-group-is-layout-flow\" style=\"padding-top:var(--wp--preset--spacing--x-large);padding-right:var(--wp--preset--spacing--containerpadding);padding-bottom:var(--wp--preset--spacing--containerpadding);padding-left:var(--wp--preset--spacing--containerpadding)\">\n<div class=\"wp-block-group has-global-padding is-layout-constrained wp-container-core-group-is-layout-0fd6af50 wp-block-group-is-layout-constrained\" style=\"padding-top:0;padding-right:var(--wp--preset--spacing--containerpadding);padding-bottom:0;padding-left:var(--wp--preset--spacing--containerpadding)\">\n<h2 class=\"wp-block-heading alignfull has-secondary-color has-text-color has-link-color wp-elements-097cb88c6512251c35205c5249f6324f\">Contactez-nous<\/h2>\n\n\n\n<hr class=\"wp-block-separator alignfull has-text-color has-secondary-color has-alpha-channel-opacity has-secondary-background-color has-background\"\/>\n\n\n\n<div class=\"wp-block-columns alignfull is-layout-flex wp-container-core-columns-is-layout-28f84493 wp-block-columns-is-layout-flex\">\n<div class=\"wp-block-column is-layout-flow wp-block-column-is-layout-flow\">\n<div class=\"wp-block-group is-nowrap is-layout-flex wp-container-core-group-is-layout-eeb52e7d wp-block-group-is-layout-flex\" style=\"margin-top:0;margin-bottom:0;padding-top:0;padding-right:0;padding-bottom:0;padding-left:0\">\n<div class=\"wp-block-group has-global-padding is-layout-constrained wp-container-core-group-is-layout-f4dff09a wp-block-group-is-layout-constrained\" style=\"margin-top:0;margin-bottom:0;padding-top:0;padding-right:0;padding-bottom:0;padding-left:0\">\n<h6 class=\"wp-block-heading has-secondary-color has-text-color has-link-color wp-elements-d054a068a62844cdea51761eaec2eb2f\">Electramo NV (si\u00e8ge social)<\/h6>\n\n\n\n<p class=\"has-secondary-color has-text-color has-link-color wp-elements-9aa58c4228633a7f01662375266b6e20\">Industrieweg 14<br\/>2390 malle &#8211; Belgique<br\/>t\u00e9l : <a href=\"tel:003233116540\">+32 3 311 65 40<\/a><br\/><a href=\"mailto:info@electramo.com\">info@electramo.com<\/a><\/p>\n<\/div>\n\n\n\n<div class=\"wp-block-group has-global-padding is-layout-constrained wp-container-core-group-is-layout-f4dff09a wp-block-group-is-layout-constrained\" style=\"margin-top:0;margin-bottom:0;padding-top:0;padding-right:0;padding-bottom:0;padding-left:0\">\n<h6 class=\"wp-block-heading has-secondary-color has-text-color has-link-color wp-elements-e5c729c70bcabf727fe5c6ba0e5c7d4b\">Electramo NV (Pays-Bas)<\/h6>\n\n\n\n<p class=\"has-secondary-color has-text-color has-link-color wp-elements-385163174af2000cf966bf8ed5ed7057\">Amp\u00e8restraat 19M<br\/>3861 NC Nijkerk &#8211; Pays-Bas<br\/>T\u00e9l : <a href=\"tel:0031332459444\">+31 33 245 94 44<\/a><br\/><a href=\"mailto:info@electramo.nl\">info@electramo.nl<\/a><\/p>\n<\/div>\n<\/div>\n<\/div>\n\n\n\n<div class=\"wp-block-column is-layout-flow wp-block-column-is-layout-flow\">\n<div class=\"wp-block-group newsletter has-secondary-color has-text-color has-link-color wp-elements-67bb341c178451c4a40b1a23a4d99238 has-global-padding is-content-justification-right is-layout-constrained wp-container-core-group-is-layout-3293ff04 wp-block-group-is-layout-constrained\" style=\"margin-top:0;margin-bottom:0;padding-top:0;padding-right:0;padding-bottom:0;padding-left:0\">\n<h6 class=\"wp-block-heading has-secondary-color has-text-color has-link-color wp-elements-7802400c50c07a47a605f9f43ac906ee\">S&rsquo;abonner \u00e0 la newsletter<\/h6>\n\n\n\n<div class=\"forminator-guttenberg\"><div class=\"forminator-ui forminator-custom-form forminator-custom-form-237  forminator- forminator_ajax\" data-forminator-render=\"0\" data-form=\"forminator-module-237\" data-uid=\"69dedc7bdc153\"><br\/><\/div><form\n\t\t\t\tid=\"forminator-module-237\"\n\t\t\t\tclass=\"forminator-ui forminator-custom-form forminator-custom-form-237  forminator- forminator_ajax\"\n\t\t\t\tmethod=\"post\"\n\t\t\t\tdata-forminator-render=\"0\"\n\t\t\t\tdata-form-id=\"237\"\n\t\t\t\t data-color-option=\"theme\" data-design=\"none\" data-grid=\"\" style=\"display: none;\"\n\t\t\t\tdata-uid=\"69dedc7bdc153\"\n\t\t\t><div role=\"alert\" aria-live=\"polite\" class=\"forminator-response-message forminator-error\" aria-hidden=\"true\"><\/div><div class=\"forminator-row\"><div id=\"email-1\" class=\"forminator-field-email forminator-col forminator-col-12 \"><div class=\"forminator-field\"><label for=\"forminator-field-email-1_69dedc7bdc153\" id=\"forminator-field-email-1_69dedc7bdc153-label\" class=\"forminator-label\">Mail <span class=\"forminator-required\">*<\/span><\/label><input type=\"email\" name=\"email-1\" value=\"\" placeholder=\"\" id=\"forminator-field-email-1_69dedc7bdc153\" class=\"forminator-input forminator-email--field\" data-required=\"1\" aria-required=\"true\" autocomplete=\"email\" \/><\/div><\/div><\/div><input type=\"hidden\" name=\"referer_url\" value=\"\" \/><div class=\"forminator-row forminator-row-last\"><div class=\"forminator-col\"><div class=\"forminator-field\"><button class=\"forminator-button forminator-button-submit button-arrow\">&gt;<\/button><\/div><\/div><\/div><input type=\"hidden\" id=\"forminator_nonce\" name=\"forminator_nonce\" value=\"c7e7050c04\" \/><input type=\"hidden\" name=\"_wp_http_referer\" value=\"\/fr\/wp-json\/wp\/v2\/pages\/1037\" \/><input type=\"hidden\" name=\"form_id\" value=\"237\"><input type=\"hidden\" name=\"page_id\" value=\"1037\"><input type=\"hidden\" name=\"form_type\" value=\"default\"><input type=\"hidden\" name=\"current_url\" value=\"https:\/\/electramo.com\/fr\/contact\/\"><input type=\"hidden\" name=\"render_id\" value=\"0\"><input type=\"hidden\" name=\"action\" value=\"forminator_submit_form_custom-forms\"><\/form><\/div>\n<\/div>\n<\/div>\n<\/div>\n<\/div>\n<\/div>\n\n<div class=\"wp-block-group alignfull has-global-padding is-layout-constrained wp-container-core-group-is-layout-0fd6af50 wp-block-group-is-layout-constrained\" style=\"padding-top:0;padding-right:var(--wp--preset--spacing--containerpadding);padding-bottom:0;padding-left:var(--wp--preset--spacing--containerpadding)\">\n<div class=\"wp-block-columns alignfull has-primary-color has-text-color has-link-color wp-elements-0e54c1a1cde23f3965ea4f25c960ac45 is-layout-flex wp-container-core-columns-is-layout-d39e70f1 wp-block-columns-is-layout-flex\" style=\"margin-top:0;margin-bottom:0;padding-top:0;padding-bottom:0\">\n<div class=\"wp-block-column has-global-padding is-layout-constrained wp-block-column-is-layout-constrained\" style=\"flex-basis:45%\">\n<div class=\"wp-block-cover is-light contact-img expand-container\" style=\"min-height:100%;aspect-ratio:unset;\"><img decoding=\"async\" width=\"1024\" height=\"683\" class=\"wp-block-cover__image-background wp-image-246 size-large\" alt=\"Contact Electramo\" src=\"https:\/\/electramo.com\/wp-content\/uploads\/2025\/10\/20250722_OTG-Electramo-01_KP_016__O4A3037-1024x683.jpg\" data-object-fit=\"cover\" srcset=\"https:\/\/electramo.com\/wp-content\/uploads\/2025\/10\/20250722_OTG-Electramo-01_KP_016__O4A3037-1024x683.jpg 1024w, https:\/\/electramo.com\/wp-content\/uploads\/2025\/10\/20250722_OTG-Electramo-01_KP_016__O4A3037-700x467.jpg 700w, https:\/\/electramo.com\/wp-content\/uploads\/2025\/10\/20250722_OTG-Electramo-01_KP_016__O4A3037-768x512.jpg 768w, https:\/\/electramo.com\/wp-content\/uploads\/2025\/10\/20250722_OTG-Electramo-01_KP_016__O4A3037-1536x1024.jpg 1536w, https:\/\/electramo.com\/wp-content\/uploads\/2025\/10\/20250722_OTG-Electramo-01_KP_016__O4A3037-300x200.jpg 300w, https:\/\/electramo.com\/wp-content\/uploads\/2025\/10\/20250722_OTG-Electramo-01_KP_016__O4A3037.jpg 1600w\" sizes=\"(max-width: 1024px) 100vw, 1024px\" \/><span aria-hidden=\"true\" class=\"wp-block-cover__background has-background-dim-0 has-background-dim\"><\/span><div class=\"wp-block-cover__inner-container has-global-padding is-layout-constrained wp-block-cover-is-layout-constrained\">\n<p class=\"has-text-align-center has-large-font-size\"><\/p>\n<\/div><\/div>\n<\/div>\n\n\n\n<div class=\"wp-block-column is-layout-flow wp-block-column-is-layout-flow\" style=\"flex-basis:55%\">\n<div class=\"wp-block-group has-primary-color has-text-color has-link-color wp-elements-31f88c2c31fd8d4eff20cd9bdb5dcb9f has-global-padding is-layout-constrained wp-container-core-group-is-layout-0bb7b65e wp-block-group-is-layout-constrained\" style=\"padding-top:var(--wp--preset--spacing--containerpadding);padding-right:var(--wp--preset--spacing--containerpadding);padding-bottom:var(--wp--preset--spacing--containerpadding);padding-left:var(--wp--preset--spacing--containerpadding)\"><div class=\"forminator-ui forminator-custom-form forminator-custom-form-908   forminator_ajax\" data-forminator-render=\"0\" data-form=\"forminator-module-908\" data-uid=\"69dedc7bd921d\"><br\/><\/div><form\n\t\t\t\tid=\"forminator-module-908\"\n\t\t\t\tclass=\"forminator-ui forminator-custom-form forminator-custom-form-908   forminator_ajax\"\n\t\t\t\tmethod=\"post\"\n\t\t\t\tdata-forminator-render=\"0\"\n\t\t\t\tdata-form-id=\"908\"\n\t\t\t\tenctype=\"multipart\/form-data\" data-color-option=\"theme\" data-design=\"none\" data-grid=\"open\" style=\"display: none;\"\n\t\t\t\tdata-uid=\"69dedc7bd921d\"\n\t\t\t><div role=\"alert\" aria-live=\"polite\" class=\"forminator-response-message forminator-error\" aria-hidden=\"true\"><\/div><div class=\"forminator-row\"><div id=\"name-1\" class=\"forminator-field-name forminator-col forminator-col-6 \"><div class=\"forminator-field\"><label for=\"forminator-field-name-1_69dedc7bd921d\" id=\"forminator-field-name-1_69dedc7bd921d-label\" class=\"forminator-label\">Nom <span class=\"forminator-required\">*<\/span><\/label><input type=\"text\" name=\"name-1\" value=\"\" placeholder=\"\" id=\"forminator-field-name-1_69dedc7bd921d\" class=\"forminator-input forminator-name--field\" aria-required=\"true\" autocomplete=\"name\" \/><\/div><\/div><div id=\"name-2\" class=\"forminator-field-name forminator-col forminator-col-6 \"><div class=\"forminator-field\"><label for=\"forminator-field-name-2_69dedc7bd921d\" id=\"forminator-field-name-2_69dedc7bd921d-label\" class=\"forminator-label\">Pr\u00e9nom <span class=\"forminator-required\">*<\/span><\/label><input type=\"text\" name=\"name-2\" value=\"\" placeholder=\"\" id=\"forminator-field-name-2_69dedc7bd921d\" class=\"forminator-input forminator-name--field\" aria-required=\"true\" autocomplete=\"name\" \/><\/div><\/div><\/div><div class=\"forminator-row\"><div id=\"text-1\" class=\"forminator-field-text forminator-col forminator-col-12 \"><div class=\"forminator-field\"><label for=\"forminator-field-text-1_69dedc7bd921d\" id=\"forminator-field-text-1_69dedc7bd921d-label\" class=\"forminator-label\">Nom de l\u2019entreprise<\/label><input type=\"text\" name=\"text-1\" value=\"\" placeholder=\"\" id=\"forminator-field-text-1_69dedc7bd921d\" class=\"forminator-input forminator-name--field\" data-required=\"\" \/><\/div><\/div><\/div><div class=\"forminator-row\"><div id=\"email-1\" class=\"forminator-field-email forminator-col forminator-col-12 \"><div class=\"forminator-field\"><label for=\"forminator-field-email-1_69dedc7bd921d\" id=\"forminator-field-email-1_69dedc7bd921d-label\" class=\"forminator-label\">Adresse e-mail <span class=\"forminator-required\">*<\/span><\/label><input type=\"email\" name=\"email-1\" value=\"\" placeholder=\"\" id=\"forminator-field-email-1_69dedc7bd921d\" class=\"forminator-input forminator-email--field\" data-required=\"1\" aria-required=\"true\" autocomplete=\"email\" \/><\/div><\/div><\/div><div class=\"forminator-row\"><div id=\"phone-1\" class=\"forminator-field-phone forminator-col forminator-col-12 \"><div class=\"forminator-field\"><label for=\"forminator-field-phone-1_69dedc7bd921d\" id=\"forminator-field-phone-1_69dedc7bd921d-label\" class=\"forminator-label\">Num\u00e9ro de t\u00e9l\u00e9phone <span class=\"forminator-required\">*<\/span><\/label><input type=\"text\" name=\"phone-1\" value=\"\" placeholder=\"\" id=\"forminator-field-phone-1_69dedc7bd921d\" class=\"forminator-input forminator-field--phone\" data-required=\"1\" aria-required=\"true\" autocomplete=\"off\" \/><\/div><\/div><\/div><div class=\"forminator-row\"><div id=\"upload-1\" class=\"forminator-field-upload forminator-col forminator-col-12  icon--clip\"><div class=\"forminator-field\"><label for=\"forminator-field-upload-1_69dedc7bd921d\" id=\"forminator-field-upload-1_69dedc7bd921d-label\" class=\"forminator-label\">Fichier<\/label><div class=\"forminator-file-upload \" data-element=\"upload-1_69dedc7bd921d\"><input type=\"file\" name=\"upload-1\" id=\"forminator-field-upload-1_69dedc7bd921d\" class=\"forminator-input-file\" accept=\".jpg,.jpeg,.jpe,.gif,.png,.bmp,.tiff,.tif,.webp,.avif,.ico,.heic,.heif,.heics,.heifs,.asf,.asx,.wmv,.wmx,.wm,.avi,.divx,.flv,.mov,.qt,.mpeg,.mpg,.mpe,.mp4,.m4v,.ogv,.webm,.mkv,.3gp,.3gpp,.3g2,.3gp2,.txt,.asc,.c,.cc,.h,.srt,.csv,.tsv,.ics,.rtx,.vtt,.mp3,.m4a,.m4b,.aac,.ra,.ram,.wav,.x-wav,.ogg,.oga,.flac,.mid,.midi,.wma,.wax,.mka,.rtf,.pdf,.class,.tar,.zip,.gz,.gzip,.7z,.psd,.xcf,.doc,.pot,.pps,.ppt,.wri,.xla,.xls,.xlt,.xlw,.mdb,.mpp,.docx,.docm,.dotx,.dotm,.xlsx,.xlsm,.xlsb,.xltx,.xltm,.xlam,.pptx,.pptm,.ppsx,.ppsm,.potx,.potm,.ppam,.sldx,.sldm,.onetoc,.onetoc2,.onetmp,.onepkg,.oxps,.xps,.odt,.odp,.ods,.odg,.odc,.odb,.odf,.wp,.wpd,.key,.numbers,.pages\"><button class=\"forminator-upload--remove\" style=\"display: none;\">Retirer<\/button><\/div><\/div><\/div><\/div><div class=\"forminator-row\"><div id=\"textarea-1\" class=\"forminator-field-textarea forminator-col forminator-col-12 \"><div class=\"forminator-field\"><label for=\"forminator-field-textarea-1_69dedc7bd921d\" id=\"forminator-field-textarea-1_69dedc7bd921d-label\" class=\"forminator-label\">Message \/ Question<\/label><textarea name=\"textarea-1\" placeholder=\"\" id=\"forminator-field-textarea-1_69dedc7bd921d\" class=\"forminator-textarea\" rows=\"6\" style=\"min-height:140px;\" ><\/textarea><\/div><\/div><\/div><div class=\"forminator-row\" style=\"margin: 0;\"><div id=\"captcha-1\" class=\"forminator-field-captcha  forminator-col-12 \"><div class=\"forminator-captcha-left forminator-g-recaptcha recaptcha-invisible\" data-theme=\"light\" data-badge=\"bottomright\" data-sitekey=\"6LewDzosAAAAAK9tVHr6LYKBa60pHl3ZAio7pwg6\" data-size=\"invisible\"><\/div> <\/div><\/div><input type=\"hidden\" name=\"referer_url\" value=\"\" \/><div class=\"forminator-row forminator-row-last\"><div class=\"forminator-col\"><div class=\"forminator-field\"><button class=\"forminator-button forminator-button-submit\">Envoyer<\/button><\/div><\/div><\/div><input type=\"hidden\" id=\"forminator_nonce\" name=\"forminator_nonce\" value=\"6c10f71840\" \/><input type=\"hidden\" name=\"_wp_http_referer\" value=\"\/fr\/wp-json\/wp\/v2\/pages\/1037\" \/><input type=\"hidden\" name=\"form_id\" value=\"908\"><input type=\"hidden\" name=\"page_id\" value=\"1037\"><input type=\"hidden\" name=\"form_type\" value=\"default\"><input type=\"hidden\" name=\"current_url\" value=\"https:\/\/electramo.com\/fr\/contact\/\"><input type=\"hidden\" name=\"render_id\" value=\"0\"><input type=\"hidden\" name=\"action\" value=\"forminator_submit_form_custom-forms\"><\/form><\/div>\n<\/div>\n<\/div>\n<\/div>\n","protected":false},"excerpt":{"rendered":"<p>Contactez-nous Electramo NV (si\u00e8ge social) Industrieweg 142390 malle &#8211; Belgiquet\u00e9l : +32 3 311 65 40info@electramo.com Electramo NV (Pays-Bas) Amp\u00e8restraat 19M3861 NC Nijkerk &#8211; Pays-BasT\u00e9l : +31 33 245 94 44info@electramo.nl S&rsquo;abonner \u00e0 la newsletter<\/p>\n","protected":false},"author":2,"featured_media":0,"parent":0,"menu_order":0,"comment_status":"closed","ping_status":"closed","template":"","meta":{"_acf_changed":false,"footnotes":""},"class_list":["post-1037","page","type-page","status-publish","hentry"],"acf":[],"yoast_head":"<!-- This site is optimized with the Yoast SEO plugin v27.1.1 - https:\/\/yoast.com\/product\/yoast-seo-wordpress\/ -->\n<title>Contact - Electramo<\/title>\n<meta name=\"description\" content=\"Contactez-nous pour obtenir plus d&#039;informations sur nos produits ou sur Electramo en remplissant notre formulaire de contact.\" \/>\n<meta name=\"robots\" content=\"index, follow, max-snippet:-1, max-image-preview:large, max-video-preview:-1\" \/>\n<link rel=\"canonical\" href=\"https:\/\/electramo.com\/fr\/contact\/\" \/>\n<meta property=\"og:locale\" content=\"fr_FR\" \/>\n<meta property=\"og:type\" content=\"article\" \/>\n<meta property=\"og:title\" content=\"Contact - Electramo\" \/>\n<meta property=\"og:description\" content=\"Contactez-nous pour obtenir plus d&#039;informations sur nos produits ou sur Electramo en remplissant notre formulaire de contact.\" \/>\n<meta property=\"og:url\" content=\"https:\/\/electramo.com\/fr\/contact\/\" \/>\n<meta property=\"og:site_name\" content=\"Electramo\" \/>\n<meta property=\"article:modified_time\" content=\"2026-03-16T15:20:30+00:00\" \/>\n<meta property=\"og:image\" content=\"https:\/\/electramo.com\/wp-content\/uploads\/2025\/10\/20250722_OTG-Electramo-01_KP_016__O4A3037.jpg\" \/>\n\t<meta property=\"og:image:width\" content=\"1600\" \/>\n\t<meta property=\"og:image:height\" content=\"1067\" \/>\n\t<meta property=\"og:image:type\" content=\"image\/jpeg\" \/>\n<meta name=\"twitter:card\" content=\"summary_large_image\" \/>\n<script type=\"application\/ld+json\" class=\"yoast-schema-graph\">{\"@context\":\"https:\/\/schema.org\",\"@graph\":[{\"@type\":\"WebPage\",\"@id\":\"https:\/\/electramo.com\/fr\/contact\/\",\"url\":\"https:\/\/electramo.com\/fr\/contact\/\",\"name\":\"Contact - Electramo\",\"isPartOf\":{\"@id\":\"https:\/\/electramo.com\/fr\/#website\"},\"primaryImageOfPage\":{\"@id\":\"https:\/\/electramo.com\/fr\/contact\/#primaryimage\"},\"image\":{\"@id\":\"https:\/\/electramo.com\/fr\/contact\/#primaryimage\"},\"thumbnailUrl\":\"https:\/\/electramo.com\/wp-content\/uploads\/2025\/10\/20250722_OTG-Electramo-01_KP_016__O4A3037-1024x683.jpg\",\"datePublished\":\"2025-10-06T10:48:07+00:00\",\"dateModified\":\"2026-03-16T15:20:30+00:00\",\"description\":\"Contactez-nous pour obtenir plus d'informations sur nos produits ou sur Electramo en remplissant notre formulaire de contact.\",\"breadcrumb\":{\"@id\":\"https:\/\/electramo.com\/fr\/contact\/#breadcrumb\"},\"inLanguage\":\"fr-FR\",\"potentialAction\":[{\"@type\":\"ReadAction\",\"target\":[\"https:\/\/electramo.com\/fr\/contact\/\"]}]},{\"@type\":\"ImageObject\",\"inLanguage\":\"fr-FR\",\"@id\":\"https:\/\/electramo.com\/fr\/contact\/#primaryimage\",\"url\":\"https:\/\/electramo.com\/wp-content\/uploads\/2025\/10\/20250722_OTG-Electramo-01_KP_016__O4A3037-1024x683.jpg\",\"contentUrl\":\"https:\/\/electramo.com\/wp-content\/uploads\/2025\/10\/20250722_OTG-Electramo-01_KP_016__O4A3037-1024x683.jpg\"},{\"@type\":\"BreadcrumbList\",\"@id\":\"https:\/\/electramo.com\/fr\/contact\/#breadcrumb\",\"itemListElement\":[{\"@type\":\"ListItem\",\"position\":1,\"name\":\"Home\",\"item\":\"https:\/\/electramo.com\/fr\/\"},{\"@type\":\"ListItem\",\"position\":2,\"name\":\"Contact\"}]},{\"@type\":\"WebSite\",\"@id\":\"https:\/\/electramo.com\/fr\/#website\",\"url\":\"https:\/\/electramo.com\/fr\/\",\"name\":\"Electramo\",\"description\":\"\",\"publisher\":{\"@id\":\"https:\/\/electramo.com\/fr\/#organization\"},\"potentialAction\":[{\"@type\":\"SearchAction\",\"target\":{\"@type\":\"EntryPoint\",\"urlTemplate\":\"https:\/\/electramo.com\/fr\/?s={search_term_string}\"},\"query-input\":{\"@type\":\"PropertyValueSpecification\",\"valueRequired\":true,\"valueName\":\"search_term_string\"}}],\"inLanguage\":\"fr-FR\"},{\"@type\":\"Organization\",\"@id\":\"https:\/\/electramo.com\/fr\/#organization\",\"name\":\"Electramo\",\"url\":\"https:\/\/electramo.com\/fr\/\",\"logo\":{\"@type\":\"ImageObject\",\"inLanguage\":\"fr-FR\",\"@id\":\"https:\/\/electramo.com\/fr\/#\/schema\/logo\/image\/\",\"url\":\"https:\/\/electramo.com\/wp-content\/uploads\/2025\/09\/Electramo-Brandmark-Blue.svg\",\"contentUrl\":\"https:\/\/electramo.com\/wp-content\/uploads\/2025\/09\/Electramo-Brandmark-Blue.svg\",\"caption\":\"Electramo\"},\"image\":{\"@id\":\"https:\/\/electramo.com\/fr\/#\/schema\/logo\/image\/\"}}]}<\/script>\n<!-- \/ Yoast SEO plugin. -->","yoast_head_json":{"title":"Contact - Electramo","description":"Contactez-nous pour obtenir plus d'informations sur nos produits ou sur Electramo en remplissant notre formulaire de contact.","robots":{"index":"index","follow":"follow","max-snippet":"max-snippet:-1","max-image-preview":"max-image-preview:large","max-video-preview":"max-video-preview:-1"},"canonical":"https:\/\/electramo.com\/fr\/contact\/","og_locale":"fr_FR","og_type":"article","og_title":"Contact - Electramo","og_description":"Contactez-nous pour obtenir plus d'informations sur nos produits ou sur Electramo en remplissant notre formulaire de contact.","og_url":"https:\/\/electramo.com\/fr\/contact\/","og_site_name":"Electramo","article_modified_time":"2026-03-16T15:20:30+00:00","og_image":[{"width":1600,"height":1067,"url":"https:\/\/electramo.com\/wp-content\/uploads\/2025\/10\/20250722_OTG-Electramo-01_KP_016__O4A3037.jpg","type":"image\/jpeg"}],"twitter_card":"summary_large_image","schema":{"@context":"https:\/\/schema.org","@graph":[{"@type":"WebPage","@id":"https:\/\/electramo.com\/fr\/contact\/","url":"https:\/\/electramo.com\/fr\/contact\/","name":"Contact - Electramo","isPartOf":{"@id":"https:\/\/electramo.com\/fr\/#website"},"primaryImageOfPage":{"@id":"https:\/\/electramo.com\/fr\/contact\/#primaryimage"},"image":{"@id":"https:\/\/electramo.com\/fr\/contact\/#primaryimage"},"thumbnailUrl":"https:\/\/electramo.com\/wp-content\/uploads\/2025\/10\/20250722_OTG-Electramo-01_KP_016__O4A3037-1024x683.jpg","datePublished":"2025-10-06T10:48:07+00:00","dateModified":"2026-03-16T15:20:30+00:00","description":"Contactez-nous pour obtenir plus d'informations sur nos produits ou sur Electramo en remplissant notre formulaire de contact.","breadcrumb":{"@id":"https:\/\/electramo.com\/fr\/contact\/#breadcrumb"},"inLanguage":"fr-FR","potentialAction":[{"@type":"ReadAction","target":["https:\/\/electramo.com\/fr\/contact\/"]}]},{"@type":"ImageObject","inLanguage":"fr-FR","@id":"https:\/\/electramo.com\/fr\/contact\/#primaryimage","url":"https:\/\/electramo.com\/wp-content\/uploads\/2025\/10\/20250722_OTG-Electramo-01_KP_016__O4A3037-1024x683.jpg","contentUrl":"https:\/\/electramo.com\/wp-content\/uploads\/2025\/10\/20250722_OTG-Electramo-01_KP_016__O4A3037-1024x683.jpg"},{"@type":"BreadcrumbList","@id":"https:\/\/electramo.com\/fr\/contact\/#breadcrumb","itemListElement":[{"@type":"ListItem","position":1,"name":"Home","item":"https:\/\/electramo.com\/fr\/"},{"@type":"ListItem","position":2,"name":"Contact"}]},{"@type":"WebSite","@id":"https:\/\/electramo.com\/fr\/#website","url":"https:\/\/electramo.com\/fr\/","name":"Electramo","description":"","publisher":{"@id":"https:\/\/electramo.com\/fr\/#organization"},"potentialAction":[{"@type":"SearchAction","target":{"@type":"EntryPoint","urlTemplate":"https:\/\/electramo.com\/fr\/?s={search_term_string}"},"query-input":{"@type":"PropertyValueSpecification","valueRequired":true,"valueName":"search_term_string"}}],"inLanguage":"fr-FR"},{"@type":"Organization","@id":"https:\/\/electramo.com\/fr\/#organization","name":"Electramo","url":"https:\/\/electramo.com\/fr\/","logo":{"@type":"ImageObject","inLanguage":"fr-FR","@id":"https:\/\/electramo.com\/fr\/#\/schema\/logo\/image\/","url":"https:\/\/electramo.com\/wp-content\/uploads\/2025\/09\/Electramo-Brandmark-Blue.svg","contentUrl":"https:\/\/electramo.com\/wp-content\/uploads\/2025\/09\/Electramo-Brandmark-Blue.svg","caption":"Electramo"},"image":{"@id":"https:\/\/electramo.com\/fr\/#\/schema\/logo\/image\/"}}]}},"_links":{"self":[{"href":"https:\/\/electramo.com\/fr\/wp-json\/wp\/v2\/pages\/1037","targetHints":{"allow":["GET"]}}],"collection":[{"href":"https:\/\/electramo.com\/fr\/wp-json\/wp\/v2\/pages"}],"about":[{"href":"https:\/\/electramo.com\/fr\/wp-json\/wp\/v2\/types\/page"}],"author":[{"embeddable":true,"href":"https:\/\/electramo.com\/fr\/wp-json\/wp\/v2\/users\/2"}],"replies":[{"embeddable":true,"href":"https:\/\/electramo.com\/fr\/wp-json\/wp\/v2\/comments?post=1037"}],"version-history":[{"count":9,"href":"https:\/\/electramo.com\/fr\/wp-json\/wp\/v2\/pages\/1037\/revisions"}],"predecessor-version":[{"id":4617,"href":"https:\/\/electramo.com\/fr\/wp-json\/wp\/v2\/pages\/1037\/revisions\/4617"}],"wp:attachment":[{"href":"https:\/\/electramo.com\/fr\/wp-json\/wp\/v2\/media?parent=1037"}],"curies":[{"name":"wp","href":"https:\/\/api.w.org\/{rel}","templated":true}]}}